{"id":174,"date":"2026-04-20T21:14:21","date_gmt":"2026-04-20T19:14:21","guid":{"rendered":"http:\/\/makao-iluminacja.pl\/?page_id=174"},"modified":"2026-04-21T11:20:24","modified_gmt":"2026-04-21T09:20:24","slug":"strona-glowna","status":"publish","type":"page","link":"https:\/\/makao-iluminacja.pl\/?page_id=174","title":{"rendered":"Home"},"content":{"rendered":"\t\t<div data-elementor-type=\"wp-page\" data-elementor-id=\"174\" class=\"elementor elementor-174\">\n\t\t\t\t<div class=\"elementor-element elementor-element-4e45656 e-flex e-con-boxed e-con e-parent\" data-id=\"4e45656\" data-element_type=\"container\" data-e-type=\"container\">\n\t\t\t\t\t<div class=\"e-con-inner\">\n\t\t\t\t<div class=\"elementor-element elementor-element-99a44e6 elementor-widget elementor-widget-heading\" data-id=\"99a44e6\" data-element_type=\"widget\" data-e-type=\"widget\" data-widget_type=\"heading.default\">\n\t\t\t\t\t<h2 class=\"elementor-heading-title elementor-size-default\">\u015awiat\u0142o jako element architektury<\/h2>\t\t\t\t<\/div>\n\t\t\t\t\t<\/div>\n\t\t\t\t<\/div>\n\t\t<div class=\"elementor-element elementor-element-9a2113f e-flex e-con-boxed e-con e-parent\" data-id=\"9a2113f\" data-element_type=\"container\" data-e-type=\"container\">\n\t\t\t\t\t<div class=\"e-con-inner\">\n\t\t\t\t<div class=\"elementor-element elementor-element-31a639a elementor-widget elementor-widget-text-editor\" data-id=\"31a639a\" data-element_type=\"widget\" data-e-type=\"widget\" data-widget_type=\"text-editor.default\">\n\t\t\t\t\t\t\t\t\t<p>Makao iluminacja to studio o\u015bwietleniowe tworz\u0105ce zaawansowane rozwi\u0105zania dla wn\u0119trz i architektury. \u0141\u0105czymy technologi\u0119, design i do\u015bwiadczenie, dostarczaj\u0105c \u015bwiat\u0142o dopasowane do charakteru przestrzeni i oczekiwa\u0144 najbardziej wymagaj\u0105cych Klient\u00f3w.<\/p>\t\t\t\t\t\t\t\t<\/div>\n\t\t\t\t\t<\/div>\n\t\t\t\t<\/div>\n\t\t<div class=\"elementor-element elementor-element-92f84ff e-flex e-con-boxed e-con e-parent\" data-id=\"92f84ff\" data-element_type=\"container\" data-e-type=\"container\">\n\t\t\t\t\t<div class=\"e-con-inner\">\n\t\t\t\t\t\t\t\n\t\t<img class=\"e-image-base \" \n\t\t\t\t\tdata-interaction-id=\"b96ea98\" \n\t\t \n\t\t \n\t\t\t\t\t\t\t\t\tid=\"195\"\n\t\t\t\t\t\t\t\t\t\t\t\tsrc=\"https:\/\/makao-iluminacja.pl\/wp-content\/uploads\/2026\/04\/MAKAO-iluminacja-2.png\"\n\t\t\t\t\t\t\t\t\t\t\t\twidth=\"1536\"\n\t\t\t\t\t\t\t\t\t\t\t\theight=\"1024\"\n\t\t\t\t\t\t\t\t\t\t\t\tsrcset=\"https:\/\/makao-iluminacja.pl\/wp-content\/uploads\/2026\/04\/MAKAO-iluminacja-2.png 1536w, https:\/\/makao-iluminacja.pl\/wp-content\/uploads\/2026\/04\/MAKAO-iluminacja-2-300x200.png 300w, https:\/\/makao-iluminacja.pl\/wp-content\/uploads\/2026\/04\/MAKAO-iluminacja-2-1024x683.png 1024w, https:\/\/makao-iluminacja.pl\/wp-content\/uploads\/2026\/04\/MAKAO-iluminacja-2-768x512.png 768w\"\n\t\t\t\t\t\t\t\t\t\t\t\talt=\"\"\n\t\t\t\t\t\t\/>\n\t\t\t\t\t\t<\/div>\n\t\t\t\t<\/div>\n\t\t\t\t<div class=\"elementor-element elementor-element-a08fed1 e-con e-atomic-element e-flexbox-base\" data-id=\"a08fed1\" data-element_type=\"e-flexbox\" data-e-type=\"e-flexbox\" data-interaction-id=\"a08fed1\">\n\t\t\t\t<\/div>\n\t\t\t\t<\/div>\n\t\t","protected":false},"excerpt":{"rendered":"<p>\u015awiat\u0142o jako element architektury Makao iluminacja to studio o\u015bwietleniowe tworz\u0105ce zaawansowane rozwi\u0105zania dla wn\u0119trz i architektury. \u0141\u0105czymy technologi\u0119, design i [&hellip;]<\/p>\n","protected":false},"author":1,"featured_media":0,"parent":0,"menu_order":1,"comment_status":"closed","ping_status":"closed","template":"","meta":{"site-sidebar-layout":"no-sidebar","site-content-layout":"","ast-site-content-layout":"full-width-container","site-content-style":"default","site-sidebar-style":"default","ast-global-header-display":"","ast-banner-title-visibility":"","ast-main-header-display":"","ast-hfb-above-header-display":"","ast-hfb-below-header-display":"","ast-hfb-mobile-header-display":"","site-post-title":"disabled","ast-breadcrumbs-content":"","ast-featured-img":"disabled","footer-sml-layout":"","ast-disable-related-posts":"","theme-transparent-header-meta":"","adv-header-id-meta":"","stick-header-meta":"","header-above-stick-meta":"","header-main-stick-meta":"","header-below-stick-meta":"","astra-migrate-meta-layouts":"default","ast-page-background-enabled":"default","ast-page-background-meta":{"desktop":{"background-color":"var(--ast-global-color-5)","background-image":"","background-repeat":"repeat","background-position":"center center","background-size":"auto","background-attachment":"scroll","background-type":"","background-media":"","overlay-type":"","overlay-color":"","overlay-opacity":"","overlay-gradient":""},"tablet":{"background-color":"","background-image":"","background-repeat":"repeat","background-position":"center center","background-size":"auto","background-attachment":"scroll","background-type":"","background-media":"","overlay-type":"","overlay-color":"","overlay-opacity":"","overlay-gradient":""},"mobile":{"background-color":"","background-image":"","background-repeat":"repeat","background-position":"center center","background-size":"auto","background-attachment":"scroll","background-type":"","background-media":"","overlay-type":"","overlay-color":"","overlay-opacity":"","overlay-gradient":""}},"ast-content-background-meta":{"desktop":{"background-color":"var(--ast-global-color-4)","background-image":"","background-repeat":"repeat","background-position":"center center","background-size":"auto","background-attachment":"scroll","background-type":"","background-media":"","overlay-type":"","overlay-color":"","overlay-opacity":"","overlay-gradient":""},"tablet":{"background-color":"var(--ast-global-color-4)","background-image":"","background-repeat":"repeat","background-position":"center center","background-size":"auto","background-attachment":"scroll","background-type":"","background-media":"","overlay-type":"","overlay-color":"","overlay-opacity":"","overlay-gradient":""},"mobile":{"background-color":"var(--ast-global-color-4)","background-image":"","background-repeat":"repeat","background-position":"center center","background-size":"auto","background-attachment":"scroll","background-type":"","background-media":"","overlay-type":"","overlay-color":"","overlay-opacity":"","overlay-gradient":""}},"footnotes":""},"class_list":["post-174","page","type-page","status-publish","hentry"],"yoast_head":"<!-- This site is optimized with the Yoast SEO plugin v27.4 - https:\/\/yoast.com\/product\/yoast-seo-wordpress\/ -->\n<title>Home -<\/title>\n<meta name=\"robots\" content=\"index, follow, max-snippet:-1, max-image-preview:large, max-video-preview:-1\" \/>\n<link rel=\"canonical\" href=\"http:\/\/makao-iluminacja.pl\/?page_id=174\" \/>\n<meta property=\"og:locale\" content=\"pl_PL\" \/>\n<meta property=\"og:type\" content=\"article\" \/>\n<meta property=\"og:title\" content=\"Home -\" \/>\n<meta property=\"og:description\" content=\"\u015awiat\u0142o jako element architektury Makao iluminacja to studio o\u015bwietleniowe tworz\u0105ce zaawansowane rozwi\u0105zania dla wn\u0119trz i architektury. \u0141\u0105czymy technologi\u0119, design i [&hellip;]\" \/>\n<meta property=\"og:url\" content=\"http:\/\/makao-iluminacja.pl\/?page_id=174\" \/>\n<meta property=\"article:modified_time\" content=\"2026-04-21T09:20:24+00:00\" \/>\n<meta property=\"og:image\" content=\"http:\/\/makao-iluminacja.pl\/wp-content\/uploads\/2026\/04\/MAKAO-iluminacja-2.png\" \/>\n<meta name=\"twitter:label1\" content=\"Szacowany czas czytania\" \/>\n\t<meta name=\"twitter:data1\" content=\"1 minuta\" \/>\n<script type=\"application\/ld+json\" class=\"yoast-schema-graph\">{\"@context\":\"https:\\\/\\\/schema.org\",\"@graph\":[{\"@type\":\"WebPage\",\"@id\":\"http:\\\/\\\/makao-iluminacja.pl\\\/?page_id=174\",\"url\":\"http:\\\/\\\/makao-iluminacja.pl\\\/?page_id=174\",\"name\":\"Home -\",\"isPartOf\":{\"@id\":\"http:\\\/\\\/makao-iluminacja.pl\\\/#website\"},\"primaryImageOfPage\":{\"@id\":\"http:\\\/\\\/makao-iluminacja.pl\\\/?page_id=174#primaryimage\"},\"image\":{\"@id\":\"http:\\\/\\\/makao-iluminacja.pl\\\/?page_id=174#primaryimage\"},\"thumbnailUrl\":\"http:\\\/\\\/makao-iluminacja.pl\\\/wp-content\\\/uploads\\\/2026\\\/04\\\/MAKAO-iluminacja-2.png\",\"datePublished\":\"2026-04-20T19:14:21+00:00\",\"dateModified\":\"2026-04-21T09:20:24+00:00\",\"breadcrumb\":{\"@id\":\"http:\\\/\\\/makao-iluminacja.pl\\\/?page_id=174#breadcrumb\"},\"inLanguage\":\"pl-PL\",\"potentialAction\":[{\"@type\":\"ReadAction\",\"target\":[\"http:\\\/\\\/makao-iluminacja.pl\\\/?page_id=174\"]}]},{\"@type\":\"ImageObject\",\"inLanguage\":\"pl-PL\",\"@id\":\"http:\\\/\\\/makao-iluminacja.pl\\\/?page_id=174#primaryimage\",\"url\":\"https:\\\/\\\/makao-iluminacja.pl\\\/wp-content\\\/uploads\\\/2026\\\/04\\\/MAKAO-iluminacja-2.png\",\"contentUrl\":\"https:\\\/\\\/makao-iluminacja.pl\\\/wp-content\\\/uploads\\\/2026\\\/04\\\/MAKAO-iluminacja-2.png\",\"width\":1536,\"height\":1024},{\"@type\":\"BreadcrumbList\",\"@id\":\"http:\\\/\\\/makao-iluminacja.pl\\\/?page_id=174#breadcrumb\",\"itemListElement\":[{\"@type\":\"ListItem\",\"position\":1,\"name\":\"Home\",\"item\":\"http:\\\/\\\/makao-iluminacja.pl\\\/\"},{\"@type\":\"ListItem\",\"position\":2,\"name\":\"Home\"}]},{\"@type\":\"WebSite\",\"@id\":\"http:\\\/\\\/makao-iluminacja.pl\\\/#website\",\"url\":\"http:\\\/\\\/makao-iluminacja.pl\\\/\",\"name\":\"\",\"description\":\"\",\"potentialAction\":[{\"@type\":\"SearchAction\",\"target\":{\"@type\":\"EntryPoint\",\"urlTemplate\":\"http:\\\/\\\/makao-iluminacja.pl\\\/?s={search_term_string}\"},\"query-input\":{\"@type\":\"PropertyValueSpecification\",\"valueRequired\":true,\"valueName\":\"search_term_string\"}}],\"inLanguage\":\"pl-PL\"}]}<\/script>\n<!-- \/ Yoast SEO plugin. -->","yoast_head_json":{"title":"Home -","robots":{"index":"index","follow":"follow","max-snippet":"max-snippet:-1","max-image-preview":"max-image-preview:large","max-video-preview":"max-video-preview:-1"},"canonical":"http:\/\/makao-iluminacja.pl\/?page_id=174","og_locale":"pl_PL","og_type":"article","og_title":"Home -","og_description":"\u015awiat\u0142o jako element architektury Makao iluminacja to studio o\u015bwietleniowe tworz\u0105ce zaawansowane rozwi\u0105zania dla wn\u0119trz i architektury. \u0141\u0105czymy technologi\u0119, design i [&hellip;]","og_url":"http:\/\/makao-iluminacja.pl\/?page_id=174","article_modified_time":"2026-04-21T09:20:24+00:00","og_image":[{"url":"http:\/\/makao-iluminacja.pl\/wp-content\/uploads\/2026\/04\/MAKAO-iluminacja-2.png","type":"","width":"","height":""}],"twitter_misc":{"Szacowany czas czytania":"1 minuta"},"schema":{"@context":"https:\/\/schema.org","@graph":[{"@type":"WebPage","@id":"http:\/\/makao-iluminacja.pl\/?page_id=174","url":"http:\/\/makao-iluminacja.pl\/?page_id=174","name":"Home -","isPartOf":{"@id":"http:\/\/makao-iluminacja.pl\/#website"},"primaryImageOfPage":{"@id":"http:\/\/makao-iluminacja.pl\/?page_id=174#primaryimage"},"image":{"@id":"http:\/\/makao-iluminacja.pl\/?page_id=174#primaryimage"},"thumbnailUrl":"http:\/\/makao-iluminacja.pl\/wp-content\/uploads\/2026\/04\/MAKAO-iluminacja-2.png","datePublished":"2026-04-20T19:14:21+00:00","dateModified":"2026-04-21T09:20:24+00:00","breadcrumb":{"@id":"http:\/\/makao-iluminacja.pl\/?page_id=174#breadcrumb"},"inLanguage":"pl-PL","potentialAction":[{"@type":"ReadAction","target":["http:\/\/makao-iluminacja.pl\/?page_id=174"]}]},{"@type":"ImageObject","inLanguage":"pl-PL","@id":"http:\/\/makao-iluminacja.pl\/?page_id=174#primaryimage","url":"https:\/\/makao-iluminacja.pl\/wp-content\/uploads\/2026\/04\/MAKAO-iluminacja-2.png","contentUrl":"https:\/\/makao-iluminacja.pl\/wp-content\/uploads\/2026\/04\/MAKAO-iluminacja-2.png","width":1536,"height":1024},{"@type":"BreadcrumbList","@id":"http:\/\/makao-iluminacja.pl\/?page_id=174#breadcrumb","itemListElement":[{"@type":"ListItem","position":1,"name":"Home","item":"http:\/\/makao-iluminacja.pl\/"},{"@type":"ListItem","position":2,"name":"Home"}]},{"@type":"WebSite","@id":"http:\/\/makao-iluminacja.pl\/#website","url":"http:\/\/makao-iluminacja.pl\/","name":"","description":"","potentialAction":[{"@type":"SearchAction","target":{"@type":"EntryPoint","urlTemplate":"http:\/\/makao-iluminacja.pl\/?s={search_term_string}"},"query-input":{"@type":"PropertyValueSpecification","valueRequired":true,"valueName":"search_term_string"}}],"inLanguage":"pl-PL"}]}},"_links":{"self":[{"href":"https:\/\/makao-iluminacja.pl\/index.php?rest_route=\/wp\/v2\/pages\/174","targetHints":{"allow":["GET"]}}],"collection":[{"href":"https:\/\/makao-iluminacja.pl\/index.php?rest_route=\/wp\/v2\/pages"}],"about":[{"href":"https:\/\/makao-iluminacja.pl\/index.php?rest_route=\/wp\/v2\/types\/page"}],"author":[{"embeddable":true,"href":"https:\/\/makao-iluminacja.pl\/index.php?rest_route=\/wp\/v2\/users\/1"}],"replies":[{"embeddable":true,"href":"https:\/\/makao-iluminacja.pl\/index.php?rest_route=%2Fwp%2Fv2%2Fcomments&post=174"}],"version-history":[{"count":21,"href":"https:\/\/makao-iluminacja.pl\/index.php?rest_route=\/wp\/v2\/pages\/174\/revisions"}],"predecessor-version":[{"id":297,"href":"https:\/\/makao-iluminacja.pl\/index.php?rest_route=\/wp\/v2\/pages\/174\/revisions\/297"}],"wp:attachment":[{"href":"https:\/\/makao-iluminacja.pl\/index.php?rest_route=%2Fwp%2Fv2%2Fmedia&parent=174"}],"curies":[{"name":"wp","href":"https:\/\/api.w.org\/{rel}","templated":true}]}}