{"id":116,"date":"2026-04-20T16:19:37","date_gmt":"2026-04-20T14:19:37","guid":{"rendered":"http:\/\/makao-iluminacja.pl\/?page_id=116"},"modified":"2026-04-21T11:18:15","modified_gmt":"2026-04-21T09:18:15","slug":"bmt-modern-lighting","status":"publish","type":"page","link":"https:\/\/makao-iluminacja.pl\/?page_id=116","title":{"rendered":"BMT modern lighting"},"content":{"rendered":"\t\t<div data-elementor-type=\"wp-page\" data-elementor-id=\"116\" class=\"elementor elementor-116\">\n\t\t\t\t<div class=\"elementor-element elementor-element-4e2d100 e-flex e-con-boxed e-con e-parent\" data-id=\"4e2d100\" data-element_type=\"container\" data-e-type=\"container\">\n\t\t\t\t\t<div class=\"e-con-inner\">\n\t\t\t\t\t\t\t\n\t\t<img class=\"e-image-base e-07f3b01-8ffbf45\" \n\t\t\t\t\tdata-interaction-id=\"07f3b01\" \n\t\t \n\t\t \n\t\t\t\t\t\t\t\t\tid=\"203\"\n\t\t\t\t\t\t\t\t\t\t\t\tsrc=\"https:\/\/makao-iluminacja.pl\/wp-content\/uploads\/2026\/04\/Poziom_Dlugi_Ciemny-Bialy.png\"\n\t\t\t\t\t\t\t\t\t\t\t\twidth=\"550\"\n\t\t\t\t\t\t\t\t\t\t\t\theight=\"250\"\n\t\t\t\t\t\t\t\t\t\t\t\tsrcset=\"https:\/\/makao-iluminacja.pl\/wp-content\/uploads\/2026\/04\/Poziom_Dlugi_Ciemny-Bialy.png 550w, https:\/\/makao-iluminacja.pl\/wp-content\/uploads\/2026\/04\/Poziom_Dlugi_Ciemny-Bialy-300x136.png 300w\"\n\t\t\t\t\t\t\t\t\t\t\t\talt=\"\"\n\t\t\t\t\t\t\/>\n\t\t\t\t\t\t<\/div>\n\t\t\t\t<\/div>\n\t\t<div class=\"elementor-element elementor-element-bb7fa59 e-flex e-con-boxed e-con e-parent\" data-id=\"bb7fa59\" data-element_type=\"container\" data-e-type=\"container\">\n\t\t\t\t\t<div class=\"e-con-inner\">\n\t\t\t\t<div class=\"elementor-element elementor-element-49f0d1b elementor-widget elementor-widget-heading\" data-id=\"49f0d1b\" data-element_type=\"widget\" data-e-type=\"widget\" data-widget_type=\"heading.default\">\n\t\t\t\t\t<h2 class=\"elementor-heading-title elementor-size-default\">BMT modern lighting<\/h2>\t\t\t\t<\/div>\n\t\t\t\t<div class=\"elementor-element elementor-element-8ea8a8a elementor-widget elementor-widget-text-editor\" data-id=\"8ea8a8a\" data-element_type=\"widget\" data-e-type=\"widget\" data-widget_type=\"text-editor.default\">\n\t\t\t\t\t\t\t\t\t<p><strong>\u015awiat\u0142o, kt\u00f3re dostosowuje si\u0119 do Ciebie<\/strong><\/p><p><strong>BMT Modern Lighting<\/strong> to marka specjalizuj\u0105ca si\u0119 w projektowaniu i dostarczaniu nowoczesnych system\u00f3w o\u015bwietleniowych dla wn\u0119trz prywatnych oraz przestrzeni komercyjnych i publicznych. Tworzymy \u015bwiat\u0142o, kt\u00f3re odpowiada na realne potrzeby u\u017cytkownik\u00f3w, architekt\u00f3w i inwestor\u00f3w \u2014 precyzyjne, komfortowe i estetycznie dopracowane.<\/p><p>Realizujemy kompleksowe rozwi\u0105zania o\u015bwietleniowe dla hoteli, bank\u00f3w, restauracji, salon\u00f3w samochodowych, obiekt\u00f3w medycznych, zak\u0142ad\u00f3w produkcyjnych, plac\u00f3wek o\u015bwiatowych oraz wielu innych inwestycji. Oferujemy zar\u00f3wno o\u015bwietlenie wewn\u0119trzne, jak i zewn\u0119trzne, zapewniaj\u0105c sp\u00f3jno\u015b\u0107, funkcjonalno\u015b\u0107 i najwy\u017csz\u0105 jako\u015b\u0107 \u015bwiat\u0142a w ka\u017cdej przestrzeni.<\/p><p><strong>\u015awiat\u0142o do\u015bwiadczenia. Jako\u015b\u0107 bez kompromis\u00f3w<\/strong><\/p><p>Marka <strong>BMT<\/strong> powsta\u0142a w oparciu o wieloletnie do\u015bwiadczenie w biznesie, produkcji i dystrybucji nowoczesnych system\u00f3w o\u015bwietleniowych. Nasze kompetencje wyros\u0142y z praktyki \u2014 z realnych projekt\u00f3w i rzeczywistych potrzeb rynku.<\/p><p>Tworzymy rozwi\u0105zania, kt\u00f3re \u0142\u0105cz\u0105 <strong>zaawansowan\u0105 technologi\u0119, trwa\u0142o\u015b\u0107 i nowoczesn\u0105 estetyk\u0119<\/strong>. Ka\u017cdy produkt w naszej ofercie jest starannie wyselekcjonowany lub zaprojektowany z my\u015bl\u0105 o niezawodno\u015bci, precyzji wykonania i maksymalnym komforcie u\u017cytkowania.<\/p><p>Zaprojektujemy, dostarczymy i wdro\u017cymy systemy o\u015bwietleniowe, kt\u00f3re nie tylko spe\u0142niaj\u0105 obowi\u0105zuj\u0105ce normy, ale przede wszystkim poprawiaj\u0105 komfort u\u017cytkownik\u00f3w i optymalizuj\u0105 zu\u017cycie energii.<\/p><p><strong>Innowacyjne systemy o\u015bwietleniowe<\/strong><\/p><p>Fundamentem naszej oferty s\u0105 <strong>nowoczesne szynoprzewody magnetyczne 48V<\/strong> z modu\u0142owymi wpinkami, umo\u017cliwiaj\u0105ce elastyczne i precyzyjne kszta\u0142towanie o\u015bwietlenia wn\u0119trza. Systemy te idealnie wpisuj\u0105 si\u0119 w nowoczesn\u0105, minimalistyczn\u0105 architektur\u0119 i pozwalaj\u0105 na swobodn\u0105 rozbudow\u0119 bez ingerencji w instalacj\u0119.<\/p><p>Oferujemy rozwi\u0105zania w systemach <strong>ON\/OFF<\/strong>, kompatybilne z nowoczesnymi systemami sterowania i automatyki:<\/p><ul><li><strong>DALI (DT8 CCT)<\/strong><\/li><li><strong>TUYA<\/strong><\/li><li><strong>ZIGBEE<\/strong><\/li><li><strong>Bluetooth Mesh<\/strong><\/li><\/ul><p>Wsp\u00f3\u0142pracujemy z integratorami system\u00f3w <strong>KNX, LUTRON oraz standard\u00f3w DALI<\/strong>, zapewniaj\u0105c pe\u0142ne wsparcie projektowe i techniczne.<\/p><p><strong>Magia \u015bwiat\u0142a zamkni\u0119ta w detalu<\/strong><\/p><p>Nasze rozwi\u0105zania bazuj\u0105 na \u017ar\u00f3d\u0142ach LED o wysokim wsp\u00f3\u0142czynniku oddawania barw <strong>CRI 90\u201397<\/strong>, stabilnej temperaturze barwowej i d\u0142ugiej \u017cywotno\u015bci. Od system\u00f3w szynoprzewod\u00f3w magnetycznych 48V, przez ta\u015bmy LED <strong>COB, CCT, RGBW<\/strong>, a\u017c po indywidualnie projektowane \u017cyrandole z kryszta\u0142u, szk\u0142a i mosi\u0105dzu \u2014 ka\u017cdy detal ma znaczenie.<\/p><p>Precyzyjna optyka, aluminiowe profile wysokiej klasy oraz zaawansowane kontrolery \u015bwiat\u0142a pozwalaj\u0105 nam tworzy\u0107 o\u015bwietlenie dopasowane do funkcji, nastroju i charakteru przestrzeni. Tworzymy \u015bwiat\u0142o, kt\u00f3re <strong>nie dominuje architektury \u2014 lecz j\u0105 podkre\u015bla<\/strong>.<\/p><p><strong>Profesjonalne i certyfikowane rozwi\u0105zania<\/strong><\/p><p>Oferujemy certyfikowane systemy o\u015bwietleniowe dedykowane dla:<\/p><ul><li>plac\u00f3wek medycznych i o\u015bwiatowych<\/li><li>obiekt\u00f3w handlowych i us\u0142ugowych<\/li><li>hal produkcyjnych i magazynowych<\/li><li>salon\u00f3w samochodowych i przestrzeni publicznych<\/li><\/ul><p>Nasze oprawy spe\u0142niaj\u0105 rygorystyczne normy w zakresie:<\/p><ul><li>efektywno\u015bci energetycznej<\/li><li>ograniczenia ol\u015bnienia (<strong>UGR<\/strong>)<\/li><li>r\u00f3wnomierno\u015bci o\u015bwietlenia<\/li><li>trwa\u0142o\u015bci (<strong>L80\/B10<\/strong>)<\/li><li>bezpiecze\u0144stwa fotobiologicznego (<strong>EN 62471<\/strong>)<\/li><\/ul><p>Dobieramy \u015bwiat\u0142o precyzyjnie \u2014 zgodnie z funkcj\u0105 przestrzeni i jej wymaganiami technicznymi.<\/p>\t\t\t\t\t\t\t\t<\/div>\n\t\t\t\t\t<\/div>\n\t\t\t\t<\/div>\n\t\t\t\t<div class=\"elementor-element elementor-element-7727f77 e-con e-atomic-element e-flexbox-base\" data-id=\"7727f77\" data-element_type=\"e-flexbox\" data-e-type=\"e-flexbox\" data-interaction-id=\"7727f77\">\n\t\t\t\t<\/div>\n\t\t\t\t<\/div>\n\t\t","protected":false},"excerpt":{"rendered":"<p>BMT modern lighting \u015awiat\u0142o, kt\u00f3re dostosowuje si\u0119 do Ciebie BMT Modern Lighting to marka specjalizuj\u0105ca si\u0119 w projektowaniu i dostarczaniu [&hellip;]<\/p>\n","protected":false},"author":1,"featured_media":0,"parent":0,"menu_order":3,"comment_status":"closed","ping_status":"closed","template":"","meta":{"site-sidebar-layout":"no-sidebar","site-content-layout":"","ast-site-content-layout":"full-width-container","site-content-style":"default","site-sidebar-style":"default","ast-global-header-display":"","ast-banner-title-visibility":"","ast-main-header-display":"","ast-hfb-above-header-display":"","ast-hfb-below-header-display":"","ast-hfb-mobile-header-display":"","site-post-title":"disabled","ast-breadcrumbs-content":"","ast-featured-img":"disabled","footer-sml-layout":"","ast-disable-related-posts":"","theme-transparent-header-meta":"","adv-header-id-meta":"","stick-header-meta":"","header-above-stick-meta":"","header-main-stick-meta":"","header-below-stick-meta":"","astra-migrate-meta-layouts":"default","ast-page-background-enabled":"default","ast-page-background-meta":{"desktop":{"background-color":"var(--ast-global-color-5)","background-image":"","background-repeat":"repeat","background-position":"center center","background-size":"auto","background-attachment":"scroll","background-type":"","background-media":"","overlay-type":"","overlay-color":"","overlay-opacity":"","overlay-gradient":""},"tablet":{"background-color":"","background-image":"","background-repeat":"repeat","background-position":"center center","background-size":"auto","background-attachment":"scroll","background-type":"","background-media":"","overlay-type":"","overlay-color":"","overlay-opacity":"","overlay-gradient":""},"mobile":{"background-color":"","background-image":"","background-repeat":"repeat","background-position":"center center","background-size":"auto","background-attachment":"scroll","background-type":"","background-media":"","overlay-type":"","overlay-color":"","overlay-opacity":"","overlay-gradient":""}},"ast-content-background-meta":{"desktop":{"background-color":"var(--ast-global-color-4)","background-image":"","background-repeat":"repeat","background-position":"center center","background-size":"auto","background-attachment":"scroll","background-type":"","background-media":"","overlay-type":"","overlay-color":"","overlay-opacity":"","overlay-gradient":""},"tablet":{"background-color":"var(--ast-global-color-4)","background-image":"","background-repeat":"repeat","background-position":"center center","background-size":"auto","background-attachment":"scroll","background-type":"","background-media":"","overlay-type":"","overlay-color":"","overlay-opacity":"","overlay-gradient":""},"mobile":{"background-color":"var(--ast-global-color-4)","background-image":"","background-repeat":"repeat","background-position":"center center","background-size":"auto","background-attachment":"scroll","background-type":"","background-media":"","overlay-type":"","overlay-color":"","overlay-opacity":"","overlay-gradient":""}},"footnotes":""},"class_list":["post-116","page","type-page","status-publish","hentry"],"yoast_head":"<!-- This site is optimized with the Yoast SEO plugin v27.4 - https:\/\/yoast.com\/product\/yoast-seo-wordpress\/ -->\n<title>BMT modern lighting -<\/title>\n<meta name=\"robots\" content=\"index, follow, max-snippet:-1, max-image-preview:large, max-video-preview:-1\" \/>\n<link rel=\"canonical\" href=\"http:\/\/makao-iluminacja.pl\/?page_id=116\" \/>\n<meta property=\"og:locale\" content=\"pl_PL\" \/>\n<meta property=\"og:type\" content=\"article\" \/>\n<meta property=\"og:title\" content=\"BMT modern lighting -\" \/>\n<meta property=\"og:description\" content=\"BMT modern lighting \u015awiat\u0142o, kt\u00f3re dostosowuje si\u0119 do Ciebie BMT Modern Lighting to marka specjalizuj\u0105ca si\u0119 w projektowaniu i dostarczaniu [&hellip;]\" \/>\n<meta property=\"og:url\" content=\"http:\/\/makao-iluminacja.pl\/?page_id=116\" \/>\n<meta property=\"article:modified_time\" content=\"2026-04-21T09:18:15+00:00\" \/>\n<meta property=\"og:image\" content=\"http:\/\/makao-iluminacja.pl\/wp-content\/uploads\/2026\/04\/Poziom_Dlugi_Ciemny-Bialy.png\" \/>\n<meta name=\"twitter:label1\" content=\"Szacowany czas czytania\" \/>\n\t<meta name=\"twitter:data1\" content=\"3 minuty\" \/>\n<script type=\"application\/ld+json\" class=\"yoast-schema-graph\">{\"@context\":\"https:\\\/\\\/schema.org\",\"@graph\":[{\"@type\":\"WebPage\",\"@id\":\"http:\\\/\\\/makao-iluminacja.pl\\\/?page_id=116\",\"url\":\"http:\\\/\\\/makao-iluminacja.pl\\\/?page_id=116\",\"name\":\"BMT modern lighting -\",\"isPartOf\":{\"@id\":\"http:\\\/\\\/makao-iluminacja.pl\\\/#website\"},\"primaryImageOfPage\":{\"@id\":\"http:\\\/\\\/makao-iluminacja.pl\\\/?page_id=116#primaryimage\"},\"image\":{\"@id\":\"http:\\\/\\\/makao-iluminacja.pl\\\/?page_id=116#primaryimage\"},\"thumbnailUrl\":\"http:\\\/\\\/makao-iluminacja.pl\\\/wp-content\\\/uploads\\\/2026\\\/04\\\/Poziom_Dlugi_Ciemny-Bialy.png\",\"datePublished\":\"2026-04-20T14:19:37+00:00\",\"dateModified\":\"2026-04-21T09:18:15+00:00\",\"breadcrumb\":{\"@id\":\"http:\\\/\\\/makao-iluminacja.pl\\\/?page_id=116#breadcrumb\"},\"inLanguage\":\"pl-PL\",\"potentialAction\":[{\"@type\":\"ReadAction\",\"target\":[\"http:\\\/\\\/makao-iluminacja.pl\\\/?page_id=116\"]}]},{\"@type\":\"ImageObject\",\"inLanguage\":\"pl-PL\",\"@id\":\"http:\\\/\\\/makao-iluminacja.pl\\\/?page_id=116#primaryimage\",\"url\":\"https:\\\/\\\/makao-iluminacja.pl\\\/wp-content\\\/uploads\\\/2026\\\/04\\\/Poziom_Dlugi_Ciemny-Bialy.png\",\"contentUrl\":\"https:\\\/\\\/makao-iluminacja.pl\\\/wp-content\\\/uploads\\\/2026\\\/04\\\/Poziom_Dlugi_Ciemny-Bialy.png\",\"width\":550,\"height\":250},{\"@type\":\"BreadcrumbList\",\"@id\":\"http:\\\/\\\/makao-iluminacja.pl\\\/?page_id=116#breadcrumb\",\"itemListElement\":[{\"@type\":\"ListItem\",\"position\":1,\"name\":\"Home\",\"item\":\"http:\\\/\\\/makao-iluminacja.pl\\\/\"},{\"@type\":\"ListItem\",\"position\":2,\"name\":\"BMT modern lighting\"}]},{\"@type\":\"WebSite\",\"@id\":\"http:\\\/\\\/makao-iluminacja.pl\\\/#website\",\"url\":\"http:\\\/\\\/makao-iluminacja.pl\\\/\",\"name\":\"\",\"description\":\"\",\"potentialAction\":[{\"@type\":\"SearchAction\",\"target\":{\"@type\":\"EntryPoint\",\"urlTemplate\":\"http:\\\/\\\/makao-iluminacja.pl\\\/?s={search_term_string}\"},\"query-input\":{\"@type\":\"PropertyValueSpecification\",\"valueRequired\":true,\"valueName\":\"search_term_string\"}}],\"inLanguage\":\"pl-PL\"}]}<\/script>\n<!-- \/ Yoast SEO plugin. -->","yoast_head_json":{"title":"BMT modern lighting -","robots":{"index":"index","follow":"follow","max-snippet":"max-snippet:-1","max-image-preview":"max-image-preview:large","max-video-preview":"max-video-preview:-1"},"canonical":"http:\/\/makao-iluminacja.pl\/?page_id=116","og_locale":"pl_PL","og_type":"article","og_title":"BMT modern lighting -","og_description":"BMT modern lighting \u015awiat\u0142o, kt\u00f3re dostosowuje si\u0119 do Ciebie BMT Modern Lighting to marka specjalizuj\u0105ca si\u0119 w projektowaniu i dostarczaniu [&hellip;]","og_url":"http:\/\/makao-iluminacja.pl\/?page_id=116","article_modified_time":"2026-04-21T09:18:15+00:00","og_image":[{"url":"http:\/\/makao-iluminacja.pl\/wp-content\/uploads\/2026\/04\/Poziom_Dlugi_Ciemny-Bialy.png","type":"","width":"","height":""}],"twitter_misc":{"Szacowany czas czytania":"3 minuty"},"schema":{"@context":"https:\/\/schema.org","@graph":[{"@type":"WebPage","@id":"http:\/\/makao-iluminacja.pl\/?page_id=116","url":"http:\/\/makao-iluminacja.pl\/?page_id=116","name":"BMT modern lighting -","isPartOf":{"@id":"http:\/\/makao-iluminacja.pl\/#website"},"primaryImageOfPage":{"@id":"http:\/\/makao-iluminacja.pl\/?page_id=116#primaryimage"},"image":{"@id":"http:\/\/makao-iluminacja.pl\/?page_id=116#primaryimage"},"thumbnailUrl":"http:\/\/makao-iluminacja.pl\/wp-content\/uploads\/2026\/04\/Poziom_Dlugi_Ciemny-Bialy.png","datePublished":"2026-04-20T14:19:37+00:00","dateModified":"2026-04-21T09:18:15+00:00","breadcrumb":{"@id":"http:\/\/makao-iluminacja.pl\/?page_id=116#breadcrumb"},"inLanguage":"pl-PL","potentialAction":[{"@type":"ReadAction","target":["http:\/\/makao-iluminacja.pl\/?page_id=116"]}]},{"@type":"ImageObject","inLanguage":"pl-PL","@id":"http:\/\/makao-iluminacja.pl\/?page_id=116#primaryimage","url":"https:\/\/makao-iluminacja.pl\/wp-content\/uploads\/2026\/04\/Poziom_Dlugi_Ciemny-Bialy.png","contentUrl":"https:\/\/makao-iluminacja.pl\/wp-content\/uploads\/2026\/04\/Poziom_Dlugi_Ciemny-Bialy.png","width":550,"height":250},{"@type":"BreadcrumbList","@id":"http:\/\/makao-iluminacja.pl\/?page_id=116#breadcrumb","itemListElement":[{"@type":"ListItem","position":1,"name":"Home","item":"http:\/\/makao-iluminacja.pl\/"},{"@type":"ListItem","position":2,"name":"BMT modern lighting"}]},{"@type":"WebSite","@id":"http:\/\/makao-iluminacja.pl\/#website","url":"http:\/\/makao-iluminacja.pl\/","name":"","description":"","potentialAction":[{"@type":"SearchAction","target":{"@type":"EntryPoint","urlTemplate":"http:\/\/makao-iluminacja.pl\/?s={search_term_string}"},"query-input":{"@type":"PropertyValueSpecification","valueRequired":true,"valueName":"search_term_string"}}],"inLanguage":"pl-PL"}]}},"_links":{"self":[{"href":"https:\/\/makao-iluminacja.pl\/index.php?rest_route=\/wp\/v2\/pages\/116","targetHints":{"allow":["GET"]}}],"collection":[{"href":"https:\/\/makao-iluminacja.pl\/index.php?rest_route=\/wp\/v2\/pages"}],"about":[{"href":"https:\/\/makao-iluminacja.pl\/index.php?rest_route=\/wp\/v2\/types\/page"}],"author":[{"embeddable":true,"href":"https:\/\/makao-iluminacja.pl\/index.php?rest_route=\/wp\/v2\/users\/1"}],"replies":[{"embeddable":true,"href":"https:\/\/makao-iluminacja.pl\/index.php?rest_route=%2Fwp%2Fv2%2Fcomments&post=116"}],"version-history":[{"count":19,"href":"https:\/\/makao-iluminacja.pl\/index.php?rest_route=\/wp\/v2\/pages\/116\/revisions"}],"predecessor-version":[{"id":285,"href":"https:\/\/makao-iluminacja.pl\/index.php?rest_route=\/wp\/v2\/pages\/116\/revisions\/285"}],"wp:attachment":[{"href":"https:\/\/makao-iluminacja.pl\/index.php?rest_route=%2Fwp%2Fv2%2Fmedia&parent=116"}],"curies":[{"name":"wp","href":"https:\/\/api.w.org\/{rel}","templated":true}]}}