{"id":10,"date":"2026-04-20T12:30:29","date_gmt":"2026-04-20T10:30:29","guid":{"rendered":"http:\/\/makao-iluminacja.pl\/?page_id=10"},"modified":"2026-04-21T11:19:30","modified_gmt":"2026-04-21T09:19:30","slug":"page-1","status":"publish","type":"page","link":"https:\/\/makao-iluminacja.pl\/?page_id=10","title":{"rendered":"MAKAO iluminacja"},"content":{"rendered":"\t\t<div data-elementor-type=\"wp-page\" data-elementor-id=\"10\" class=\"elementor elementor-10\">\n\t\t\t\t<div class=\"elementor-element elementor-element-3dc2a7b e-flex e-con-boxed e-con e-parent\" data-id=\"3dc2a7b\" data-element_type=\"container\" data-e-type=\"container\">\n\t\t\t\t\t<div class=\"e-con-inner\">\n\t\t\t\t\t\t\t\n\t\t<img class=\"e-image-base e-0fc2ec7-d928a4b\" \n\t\t\t\t\tdata-interaction-id=\"0fc2ec7\" \n\t\t \n\t\t \n\t\t\t\t\t\t\t\t\tid=\"70\"\n\t\t\t\t\t\t\t\t\t\t\t\tsrc=\"https:\/\/makao-iluminacja.pl\/wp-content\/uploads\/2026\/04\/MAKAO_iluminacja_white-2-300x107.png\"\n\t\t\t\t\t\t\t\t\t\t\t\twidth=\"300\"\n\t\t\t\t\t\t\t\t\t\t\t\theight=\"107\"\n\t\t\t\t\t\t\t\t\t\t\t\tsrcset=\"https:\/\/makao-iluminacja.pl\/wp-content\/uploads\/2026\/04\/MAKAO_iluminacja_white-2-300x107.png 300w, https:\/\/makao-iluminacja.pl\/wp-content\/uploads\/2026\/04\/MAKAO_iluminacja_white-2-1024x366.png 1024w, https:\/\/makao-iluminacja.pl\/wp-content\/uploads\/2026\/04\/MAKAO_iluminacja_white-2-768x274.png 768w, https:\/\/makao-iluminacja.pl\/wp-content\/uploads\/2026\/04\/MAKAO_iluminacja_white-2-1536x548.png 1536w, https:\/\/makao-iluminacja.pl\/wp-content\/uploads\/2026\/04\/MAKAO_iluminacja_white-2-2048x731.png 2048w\"\n\t\t\t\t\t\t\t\t\t\t\t\talt=\"\"\n\t\t\t\t\t\t\/>\n\t\t\t\t\t\t<\/div>\n\t\t\t\t<\/div>\n\t\t\t\t<div class=\"elementor-element elementor-element-c151d58 e-con e-atomic-element e-flexbox-base e-c151d58-93bb7a2\" data-id=\"c151d58\" data-element_type=\"e-flexbox\" data-e-type=\"e-flexbox\" data-interaction-id=\"c151d58\">\n\t\t\t\t\t\t\t<h2 \n\t\tdata-interaction-id=\"644537f\" \n\t\tclass=\"e-644537f-23cb600 e-heading-base\" \n\t\t \n\t\t\n\t>\n\t\n\t\t\tIluminacja wn\u0119trz. Profesjonalne o\u015bwietlenie projektowe do ka\u017cdego wn\u0119trza.\n\t\t<\/h2>\n\t\t\t\t<\/div>\n\t\t\t\t<header class=\"elementor-element elementor-element-0970a0c e-con e-atomic-element e-flexbox-base e-0970a0c-dc4029e\" data-id=\"0970a0c\" data-element_type=\"e-flexbox\" data-e-type=\"e-flexbox\" data-interaction-id=\"0970a0c\">\n\t\t\t\t\t    \t            <a\n            href=\"#kontakt\" target=\"_self\"\n            class=\"e-6ab91fe-961f26b e-button-base\"\n            data-interaction-id=\"6ab91fe\"\n             \n        >\n            Kontakt\n        <\/a>\n    \t\t\t\t<\/header>\n\t\t<div class=\"elementor-element elementor-element-94ef878 e-flex e-con-boxed e-con e-parent\" data-id=\"94ef878\" data-element_type=\"container\" data-e-type=\"container\">\n\t\t\t\t\t<div class=\"e-con-inner\">\n\t\t\t\t<div class=\"elementor-element elementor-element-8598d22 elementor-widget elementor-widget-heading\" data-id=\"8598d22\" data-element_type=\"widget\" data-e-type=\"widget\" data-widget_type=\"heading.default\">\n\t\t\t\t\t<h2 class=\"elementor-heading-title elementor-size-default\">MAKAO iluminacja<\/h2>\t\t\t\t<\/div>\n\t\t\t\t<div class=\"elementor-element elementor-element-2764e2e elementor-widget elementor-widget-text-editor\" data-id=\"2764e2e\" data-element_type=\"widget\" data-e-type=\"widget\" data-widget_type=\"text-editor.default\">\n\t\t\t\t\t\t\t\t\t<p>Makao iluminacja to firma specjalizuj\u0105ca si\u0119 w dostarczaniu zaawansowanych, luksusowych rozwi\u0105za\u0144 o\u015bwietleniowych dla architektury, przestrzeni komercyjnych oraz inwestycji premium.<\/p><p>Tworzymy \u015bwiat\u0142o jako element architektury \u2014 \u0142\u0105cz\u0105c technologi\u0119, design i funkcjonalno\u015b\u0107.<\/p>\t\t\t\t\t\t\t\t<\/div>\n\t\t\t\t<div class=\"elementor-element elementor-element-2392521 elementor-widget elementor-widget-heading\" data-id=\"2392521\" data-element_type=\"widget\" data-e-type=\"widget\" data-widget_type=\"heading.default\">\n\t\t\t\t\t<h2 class=\"elementor-heading-title elementor-size-default\">Profesjonalne rozwi\u0105zania o\u015bwietleniowe klasy premium<\/h2>\t\t\t\t<\/div>\n\t\t\t\t<div class=\"elementor-element elementor-element-494a38c elementor-widget elementor-widget-text-editor\" data-id=\"494a38c\" data-element_type=\"widget\" data-e-type=\"widget\" data-widget_type=\"text-editor.default\">\n\t\t\t\t\t\t\t\t\t<p>Makao iluminacja to firma specjalizuj\u0105ca si\u0119 w projektowaniu i dostawie zaawansowanych system\u00f3w o\u015bwietleniowych dla przestrzeni komercyjnych, architektonicznych oraz prywatnych inwestycji premium.<\/p><p>Tworzymy \u015bwiat\u0142o jako element architektury \u2013 \u0142\u0105cz\u0105c technologi\u0119, design i funkcjonalno\u015b\u0107.<\/p><p><strong>Wsp\u00f3\u0142pracujemy z czo\u0142owymi markami \u015bwiatowymi<\/strong><\/p><p>W naszej ofercie znajduj\u0105 si\u0119 rozwi\u0105zania renomowanych producent\u00f3w o\u015bwietlenia, takich jak:<\/p><p><strong>LEDSC4<\/strong> \u2013 mi\u0119dzynarodowy producent o\u015bwietlenia architektonicznego i dekoracyjnego, obecny w ponad 140 krajach<\/p><p><strong>iGuzzini<\/strong> \u2013 lider w dziedzinie profesjonalnego o\u015bwietlenia architektonicznego, wykorzystywanego w presti\u017cowych realizacjach na ca\u0142ym \u015bwiecie<\/p><p><strong>Linea Light Group<\/strong> \u2013 w\u0142oska marka \u0142\u0105cz\u0105ca design, technologi\u0119 LED i nowoczesne rozwi\u0105zania dla wn\u0119trz i przestrzeni zewn\u0119trznych<\/p><p><strong>CHORS<\/strong> \u2013 polski producent nowoczesnego o\u015bwietlenia architektonicznego i minimalistycznych form \u015bwietlnych<\/p><p>Dzi\u0119ki wsp\u00f3\u0142pracy z globalnymi markami zapewniamy dost\u0119p do najnowszych technologii oraz najwy\u017cszej jako\u015bci produkt\u00f3w.<\/p><p>\u00a0<\/p><p><strong>Zakres oferty<\/strong><\/p><p><strong>Systemy o\u015bwietlenia architektonicznego<\/strong><\/p><p>&#8211; o\u015bwietlenie wewn\u0119trzne i zewn\u0119trzne<\/p><p>&#8211; iluminacje elewacji i przestrzeni publicznych<\/p><p>&#8211; o\u015bwietlenie biur, retail i przestrzeni komercyjnych<\/p><p>\u00a0<\/p><p><strong>Nowoczesne systemy szynowe 48V<\/strong><\/p><p>&#8211; zaawansowane systemy niskonapi\u0119ciowe<\/p><p>&#8211; rozwi\u0105zania marki <strong>BMT<\/strong><\/p><p>&#8211; elastyczne konfiguracje i minimalistyczna estetyka<\/p><p>&#8211; integracja z systemami sterowania (DALI, smart lighting)<\/p><p>\u00a0<\/p><p><strong>O\u015bwietlenie dekoracyjne i designerskie<\/strong><\/p><p>&#8211; lampy architektoniczne i ozdobne<\/p><p>&#8211; o\u015bwietlenie hotelowe i rezydencjalne<\/p><p>&#8211; rozwi\u0105zania dla przestrzeni premium<\/p><p>\u00a0<\/p><p><strong>Technologia LED<\/strong><\/p><p>&#8211; energooszcz\u0119dne systemy o wysokiej wydajno\u015bci<\/p><p>&#8211; zaawansowane sterowanie \u015bwiat\u0142em<\/p><p>&#8211; rozwi\u0105zania dostosowane do indywidualnych projekt\u00f3w<\/p><p>\u00a0<\/p><p><strong>O\u015bwietlenie specjalistyczne (IP)<\/strong><\/p><p>&#8211; o\u015bwietlenie do SPA i stref wellness<\/p><p>&#8211; o\u015bwietlenie basen\u00f3w i stref mokrych<\/p><p>&#8211; oprawy o podwy\u017cszonej szczelno\u015bci (IP65, IP67, IP68)<\/p><p>\u00a0<\/p><p><strong>Dlaczego Makao Iluminacja<\/strong><\/p><p>&#8211; wsp\u00f3\u0142praca z topowymi markami \u015bwiatowymi<\/p><p>&#8211; indywidualne podej\u015bcie do projektu<\/p><p>&#8211; rozwi\u0105zania dla wymagaj\u0105cych inwestycji<\/p><p>&#8211; po\u0142\u0105czenie designu i technologii<\/p><p>&#8211; do\u015bwiadczenie w realizacjach premium<\/p><p>\u00a0<\/p><p><strong>Nasza filozofia<\/strong><\/p><p>\u015awiat\u0142o to nie tylko funkcja \u2013 to narz\u0119dzie budowania emocji, przestrzeni i do\u015bwiadczenia.<\/p><p>W <strong>Makao iluminacja<\/strong> tworzymy rozwi\u0105zania, kt\u00f3re podkre\u015blaj\u0105 architektur\u0119 i nadaj\u0105 jej unikalny charakter.<\/p>\t\t\t\t\t\t\t\t<\/div>\n\t\t\t\t\t<\/div>\n\t\t\t\t<\/div>\n\t\t\t\t<\/div>\n\t\t","protected":false},"excerpt":{"rendered":"<p>Iluminacja wn\u0119trz. Profesjonalne o\u015bwietlenie projektowe do ka\u017cdego wn\u0119trza. Kontakt MAKAO iluminacja Makao iluminacja to firma specjalizuj\u0105ca si\u0119 w dostarczaniu zaawansowanych, [&hellip;]<\/p>\n","protected":false},"author":1,"featured_media":0,"parent":0,"menu_order":2,"comment_status":"closed","ping_status":"closed","template":"","meta":{"site-sidebar-layout":"no-sidebar","site-content-layout":"","ast-site-content-layout":"full-width-container","site-content-style":"default","site-sidebar-style":"default","ast-global-header-display":"","ast-banner-title-visibility":"","ast-main-header-display":"","ast-hfb-above-header-display":"","ast-hfb-below-header-display":"","ast-hfb-mobile-header-display":"","site-post-title":"disabled","ast-breadcrumbs-content":"","ast-featured-img":"disabled","footer-sml-layout":"","ast-disable-related-posts":"","theme-transparent-header-meta":"","adv-header-id-meta":"","stick-header-meta":"","header-above-stick-meta":"","header-main-stick-meta":"","header-below-stick-meta":"","astra-migrate-meta-layouts":"default","ast-page-background-enabled":"default","ast-page-background-meta":{"desktop":{"background-color":"var(--ast-global-color-5)","background-image":"","background-repeat":"repeat","background-position":"center center","background-size":"auto","background-attachment":"scroll","background-type":"","background-media":"","overlay-type":"","overlay-color":"","overlay-opacity":"","overlay-gradient":""},"tablet":{"background-color":"","background-image":"","background-repeat":"repeat","background-position":"center center","background-size":"auto","background-attachment":"scroll","background-type":"","background-media":"","overlay-type":"","overlay-color":"","overlay-opacity":"","overlay-gradient":""},"mobile":{"background-color":"","background-image":"","background-repeat":"repeat","background-position":"center center","background-size":"auto","background-attachment":"scroll","background-type":"","background-media":"","overlay-type":"","overlay-color":"","overlay-opacity":"","overlay-gradient":""}},"ast-content-background-meta":{"desktop":{"background-color":"var(--ast-global-color-4)","background-image":"","background-repeat":"repeat","background-position":"center center","background-size":"auto","background-attachment":"scroll","background-type":"","background-media":"","overlay-type":"","overlay-color":"","overlay-opacity":"","overlay-gradient":""},"tablet":{"background-color":"var(--ast-global-color-4)","background-image":"","background-repeat":"repeat","background-position":"center center","background-size":"auto","background-attachment":"scroll","background-type":"","background-media":"","overlay-type":"","overlay-color":"","overlay-opacity":"","overlay-gradient":""},"mobile":{"background-color":"var(--ast-global-color-4)","background-image":"","background-repeat":"repeat","background-position":"center center","background-size":"auto","background-attachment":"scroll","background-type":"","background-media":"","overlay-type":"","overlay-color":"","overlay-opacity":"","overlay-gradient":""}},"footnotes":""},"class_list":["post-10","page","type-page","status-publish","hentry"],"yoast_head":"<!-- This site is optimized with the Yoast SEO plugin v27.4 - https:\/\/yoast.com\/product\/yoast-seo-wordpress\/ -->\n<title>MAKAO iluminacja -<\/title>\n<meta name=\"robots\" content=\"index, follow, max-snippet:-1, max-image-preview:large, max-video-preview:-1\" \/>\n<link rel=\"canonical\" href=\"http:\/\/makao-iluminacja.pl\/?page_id=10\" \/>\n<meta property=\"og:locale\" content=\"pl_PL\" \/>\n<meta property=\"og:type\" content=\"article\" \/>\n<meta property=\"og:title\" content=\"MAKAO iluminacja -\" \/>\n<meta property=\"og:description\" content=\"Iluminacja wn\u0119trz. Profesjonalne o\u015bwietlenie projektowe do ka\u017cdego wn\u0119trza. Kontakt MAKAO iluminacja Makao iluminacja to firma specjalizuj\u0105ca si\u0119 w dostarczaniu zaawansowanych, [&hellip;]\" \/>\n<meta property=\"og:url\" content=\"http:\/\/makao-iluminacja.pl\/?page_id=10\" \/>\n<meta property=\"article:modified_time\" content=\"2026-04-21T09:19:30+00:00\" \/>\n<meta property=\"og:image\" content=\"http:\/\/makao-iluminacja.pl\/wp-content\/uploads\/2026\/04\/MAKAO_iluminacja_white-2-300x107.png\" \/>\n<meta name=\"twitter:label1\" content=\"Szacowany czas czytania\" \/>\n\t<meta name=\"twitter:data1\" content=\"2 minuty\" \/>\n<script type=\"application\/ld+json\" class=\"yoast-schema-graph\">{\"@context\":\"https:\\\/\\\/schema.org\",\"@graph\":[{\"@type\":\"WebPage\",\"@id\":\"http:\\\/\\\/makao-iluminacja.pl\\\/?page_id=10\",\"url\":\"http:\\\/\\\/makao-iluminacja.pl\\\/?page_id=10\",\"name\":\"MAKAO iluminacja -\",\"isPartOf\":{\"@id\":\"http:\\\/\\\/makao-iluminacja.pl\\\/#website\"},\"primaryImageOfPage\":{\"@id\":\"http:\\\/\\\/makao-iluminacja.pl\\\/?page_id=10#primaryimage\"},\"image\":{\"@id\":\"http:\\\/\\\/makao-iluminacja.pl\\\/?page_id=10#primaryimage\"},\"thumbnailUrl\":\"http:\\\/\\\/makao-iluminacja.pl\\\/wp-content\\\/uploads\\\/2026\\\/04\\\/MAKAO_iluminacja_white-2-300x107.png\",\"datePublished\":\"2026-04-20T10:30:29+00:00\",\"dateModified\":\"2026-04-21T09:19:30+00:00\",\"breadcrumb\":{\"@id\":\"http:\\\/\\\/makao-iluminacja.pl\\\/?page_id=10#breadcrumb\"},\"inLanguage\":\"pl-PL\",\"potentialAction\":[{\"@type\":\"ReadAction\",\"target\":[\"http:\\\/\\\/makao-iluminacja.pl\\\/?page_id=10\"]}]},{\"@type\":\"ImageObject\",\"inLanguage\":\"pl-PL\",\"@id\":\"http:\\\/\\\/makao-iluminacja.pl\\\/?page_id=10#primaryimage\",\"url\":\"https:\\\/\\\/makao-iluminacja.pl\\\/wp-content\\\/uploads\\\/2026\\\/04\\\/MAKAO_iluminacja_white-2.png\",\"contentUrl\":\"https:\\\/\\\/makao-iluminacja.pl\\\/wp-content\\\/uploads\\\/2026\\\/04\\\/MAKAO_iluminacja_white-2.png\",\"width\":2473,\"height\":883},{\"@type\":\"BreadcrumbList\",\"@id\":\"http:\\\/\\\/makao-iluminacja.pl\\\/?page_id=10#breadcrumb\",\"itemListElement\":[{\"@type\":\"ListItem\",\"position\":1,\"name\":\"Home\",\"item\":\"http:\\\/\\\/makao-iluminacja.pl\\\/\"},{\"@type\":\"ListItem\",\"position\":2,\"name\":\"MAKAO iluminacja\"}]},{\"@type\":\"WebSite\",\"@id\":\"http:\\\/\\\/makao-iluminacja.pl\\\/#website\",\"url\":\"http:\\\/\\\/makao-iluminacja.pl\\\/\",\"name\":\"\",\"description\":\"\",\"potentialAction\":[{\"@type\":\"SearchAction\",\"target\":{\"@type\":\"EntryPoint\",\"urlTemplate\":\"http:\\\/\\\/makao-iluminacja.pl\\\/?s={search_term_string}\"},\"query-input\":{\"@type\":\"PropertyValueSpecification\",\"valueRequired\":true,\"valueName\":\"search_term_string\"}}],\"inLanguage\":\"pl-PL\"}]}<\/script>\n<!-- \/ Yoast SEO plugin. -->","yoast_head_json":{"title":"MAKAO iluminacja -","robots":{"index":"index","follow":"follow","max-snippet":"max-snippet:-1","max-image-preview":"max-image-preview:large","max-video-preview":"max-video-preview:-1"},"canonical":"http:\/\/makao-iluminacja.pl\/?page_id=10","og_locale":"pl_PL","og_type":"article","og_title":"MAKAO iluminacja -","og_description":"Iluminacja wn\u0119trz. Profesjonalne o\u015bwietlenie projektowe do ka\u017cdego wn\u0119trza. Kontakt MAKAO iluminacja Makao iluminacja to firma specjalizuj\u0105ca si\u0119 w dostarczaniu zaawansowanych, [&hellip;]","og_url":"http:\/\/makao-iluminacja.pl\/?page_id=10","article_modified_time":"2026-04-21T09:19:30+00:00","og_image":[{"url":"http:\/\/makao-iluminacja.pl\/wp-content\/uploads\/2026\/04\/MAKAO_iluminacja_white-2-300x107.png","type":"","width":"","height":""}],"twitter_misc":{"Szacowany czas czytania":"2 minuty"},"schema":{"@context":"https:\/\/schema.org","@graph":[{"@type":"WebPage","@id":"http:\/\/makao-iluminacja.pl\/?page_id=10","url":"http:\/\/makao-iluminacja.pl\/?page_id=10","name":"MAKAO iluminacja -","isPartOf":{"@id":"http:\/\/makao-iluminacja.pl\/#website"},"primaryImageOfPage":{"@id":"http:\/\/makao-iluminacja.pl\/?page_id=10#primaryimage"},"image":{"@id":"http:\/\/makao-iluminacja.pl\/?page_id=10#primaryimage"},"thumbnailUrl":"http:\/\/makao-iluminacja.pl\/wp-content\/uploads\/2026\/04\/MAKAO_iluminacja_white-2-300x107.png","datePublished":"2026-04-20T10:30:29+00:00","dateModified":"2026-04-21T09:19:30+00:00","breadcrumb":{"@id":"http:\/\/makao-iluminacja.pl\/?page_id=10#breadcrumb"},"inLanguage":"pl-PL","potentialAction":[{"@type":"ReadAction","target":["http:\/\/makao-iluminacja.pl\/?page_id=10"]}]},{"@type":"ImageObject","inLanguage":"pl-PL","@id":"http:\/\/makao-iluminacja.pl\/?page_id=10#primaryimage","url":"https:\/\/makao-iluminacja.pl\/wp-content\/uploads\/2026\/04\/MAKAO_iluminacja_white-2.png","contentUrl":"https:\/\/makao-iluminacja.pl\/wp-content\/uploads\/2026\/04\/MAKAO_iluminacja_white-2.png","width":2473,"height":883},{"@type":"BreadcrumbList","@id":"http:\/\/makao-iluminacja.pl\/?page_id=10#breadcrumb","itemListElement":[{"@type":"ListItem","position":1,"name":"Home","item":"http:\/\/makao-iluminacja.pl\/"},{"@type":"ListItem","position":2,"name":"MAKAO iluminacja"}]},{"@type":"WebSite","@id":"http:\/\/makao-iluminacja.pl\/#website","url":"http:\/\/makao-iluminacja.pl\/","name":"","description":"","potentialAction":[{"@type":"SearchAction","target":{"@type":"EntryPoint","urlTemplate":"http:\/\/makao-iluminacja.pl\/?s={search_term_string}"},"query-input":{"@type":"PropertyValueSpecification","valueRequired":true,"valueName":"search_term_string"}}],"inLanguage":"pl-PL"}]}},"_links":{"self":[{"href":"https:\/\/makao-iluminacja.pl\/index.php?rest_route=\/wp\/v2\/pages\/10","targetHints":{"allow":["GET"]}}],"collection":[{"href":"https:\/\/makao-iluminacja.pl\/index.php?rest_route=\/wp\/v2\/pages"}],"about":[{"href":"https:\/\/makao-iluminacja.pl\/index.php?rest_route=\/wp\/v2\/types\/page"}],"author":[{"embeddable":true,"href":"https:\/\/makao-iluminacja.pl\/index.php?rest_route=\/wp\/v2\/users\/1"}],"replies":[{"embeddable":true,"href":"https:\/\/makao-iluminacja.pl\/index.php?rest_route=%2Fwp%2Fv2%2Fcomments&post=10"}],"version-history":[{"count":103,"href":"https:\/\/makao-iluminacja.pl\/index.php?rest_route=\/wp\/v2\/pages\/10\/revisions"}],"predecessor-version":[{"id":294,"href":"https:\/\/makao-iluminacja.pl\/index.php?rest_route=\/wp\/v2\/pages\/10\/revisions\/294"}],"wp:attachment":[{"href":"https:\/\/makao-iluminacja.pl\/index.php?rest_route=%2Fwp%2Fv2%2Fmedia&parent=10"}],"curies":[{"name":"wp","href":"https:\/\/api.w.org\/{rel}","templated":true}]}}